{"id":1729,"date":"2018-10-16T09:59:13","date_gmt":"2018-10-16T09:59:13","guid":{"rendered":"http:\/\/www.360paintreatment.com\/testimonial\/"},"modified":"2020-12-28T10:49:59","modified_gmt":"2020-12-28T10:49:59","slug":"testimonial","status":"publish","type":"page","link":"http:\/\/www.360paintreatment.com\/es\/testimonial\/","title":{"rendered":"Testimonial"},"content":{"rendered":"<div class=\"strong-view strong-view-id-1 unstyled slider-container carousel slider-mode-horizontal slider-adaptive controls-type-sides-outside controls-style-buttons3 pager-type-full pager-style-buttons nav-position-outside\" data-count=10 data-slider-var=strong_slider_id_1 data-state=idle><div class=\"strong-content wpmslider-content\"><div class=\"testimonial t-slide post-1800\"><div class=\"testimonial-inner\"><div class=\"testimonial-content\"><div class=\"maybe-clear\"><\/div><\/div><div class=\"testimonial-client\"><div class=\"testimonial-name\">Bob Johnson<\/div><div class=\"pain-type\">Migra\u00f1a<\/div><div class=\"\">He tenido terribles migra\u00f1as durante todo el tiempo que puedo recuerdo, y nada parec\u00eda funcionar. Un amigo m\u00edo me llev\u00f3 con el Dr. Mantena y estoy muy agradecido de que lo hiciera. Han pasado casi dos meses, y no he tenido ni una migra\u00f1a en ese tiempo. Antes tenia migra\u00f1as todas las semanas, as\u00ed que esto es incre\u00edble. Un gran agradecimiento al Dr. Mantena<\/div><\/div><div class=\"clear\"><\/div><\/div><\/div><div class=\"testimonial t-slide post-1797\"><div class=\"testimonial-inner\"><div class=\"testimonial-content\"><div class=\"maybe-clear\"><\/div><\/div><div class=\"testimonial-client\"><div class=\"testimonial-name\">Joann Stetson<\/div><div class=\"pain-type\">Enfermedad del Disco<\/div><div class=\"\">Mi quiropr\u00e1ctico me dijo que ten\u00eda una enfermedad degenerativa del disco hace unos a\u00f1os, pero despu\u00e9s de muchos tratamientos, no mejor\u00f3. As\u00ed que dej\u00e9 de verlo y me rend\u00ed. Vivir con dolor es duro. As\u00ed que decid\u00ed intentar una vez m\u00e1s conseguir algo de alivio para mi espalda. \u00a1Oh, Dios m\u00edo! Tan contento de haberlo hecho. 360 Pain Treatment encontr\u00f3 un m\u00e9dico para m\u00ed que finalmente fue capaz de ayudar. \u00a1Gracias 360!<\/div><\/div><div class=\"clear\"><\/div><\/div><\/div><div class=\"testimonial t-slide post-1796\"><div class=\"testimonial-inner\"><div class=\"testimonial-content\"><div class=\"maybe-clear\"><\/div><\/div><div class=\"testimonial-client\"><div class=\"testimonial-name\">Justin Misuracca<\/div><div class=\"pain-type\">Dolor de espalda<\/div><div class=\"\">Mi dolor de espalda ha empeorado \u00faltimamente, as\u00ed que empec\u00e9 a buscar un m\u00e9dico que pudiera ayudar. De alguna manera encontr\u00e9 su sitio web en una b\u00fasqueda de Google. El m\u00e9dico que recomendaste ha sido genial. Todav\u00eda vivo con un poco de dolor, pero nada como antes. Bien hecho y muchas gracias.<\/div><\/div><div class=\"clear\"><\/div><\/div><\/div><div class=\"testimonial t-slide post-1793\"><div class=\"testimonial-inner\"><div class=\"testimonial-content\"><div class=\"maybe-clear\"><\/div><\/div><div class=\"testimonial-client\"><div class=\"testimonial-name\">Barbara Worthington<\/div><div class=\"pain-type\">Artritis<\/div><div class=\"\">Varios m\u00e9dicos me hab\u00edan dicho que mi artritis no pod\u00eda ser reparada. Tengo 88 a\u00f1os, as\u00ed que no esperaba milagros. Pero se siente como un milagro. Mi hija me habl\u00f3 de ustedes. En resumen, me encontr\u00f3 un m\u00e9dico que me escuch\u00f3 y encontr\u00f3 una soluci\u00f3n que funcion\u00f3. No estoy segura de por qu\u00e9 los otros doctores no pudieron ayudar. Escuchar es importante. S\u00f3lo quiero darte las gracias.<\/div><\/div><div class=\"clear\"><\/div><\/div><\/div><div class=\"testimonial t-slide post-1792\"><div class=\"testimonial-inner\"><div class=\"testimonial-content\"><div class=\"maybe-clear\"><\/div><\/div><div class=\"testimonial-client\"><div class=\"testimonial-name\"> Thomas Poppel<\/div><div class=\"pain-type\">Dolor de rodilla<\/div><div class=\"\">No soy viejo y trabajo en la construcci\u00f3n, as\u00ed que el dolor de rodilla es un dolor que realmente empez\u00f3 a afectar mi trabajo. Perd\u00ed el tiempo, perd\u00ed dinero. Y doli\u00f3 TODO EL TIEMPO. Incluso cuando est\u00e1 sentado o acostado, lo cual es confuso. De todos modos, el m\u00e9dico que proporcionaste encontr\u00f3 un tratamiento que funcion\u00f3. Y estaba cubierto por mi seguro, que era un gran bono. Normalmente no hago este tipo de cosas, pero quiero que sepas cu\u00e1nto aprecio la ayuda.<\/div><\/div><div class=\"clear\"><\/div><\/div><\/div><div class=\"testimonial t-slide post-1791\"><div class=\"testimonial-inner\"><div class=\"testimonial-content\"><div class=\"maybe-clear\"><\/div><\/div><div class=\"testimonial-client\"><div class=\"testimonial-name\">Jenelle Andrews<\/div><div class=\"pain-type\">Artrosis<\/div><div class=\"\">Me dijeron que la osteoartritis era una condici\u00f3n de envejecer por dos m\u00e9dicos. Todo lo que pod\u00edan hacer era darme medicaci\u00f3n. Pero me hizo sentir muy extra\u00f1o, y no ayud\u00f3 tanto con el dolor. Estoy muy agradecido de haber encontrado 360 Dolor. Porque mi dolor se ha ido!!! A\u00fan no puedo creerlo. \u00a1Gracias!<\/div><\/div><div class=\"clear\"><\/div><\/div><\/div><div class=\"testimonial t-slide post-1789\"><div class=\"testimonial-inner\"><div class=\"testimonial-content\"><div class=\"maybe-clear\"><\/div><\/div><div class=\"testimonial-client\"><div class=\"testimonial-name\"> Robert Polaski<\/div><div class=\"pain-type\">Ci\u00e1tica<\/div><div class=\"\">Mi ci\u00e1tica finalmente se ha ido. Gracias 360 Tratamiento del Dolor. He estado dici\u00e9ndole a todos en el club que te revisen.<\/div><\/div><div class=\"clear\"><\/div><\/div><\/div><div class=\"testimonial t-slide post-1788\"><div class=\"testimonial-inner\"><div class=\"testimonial-content\"><div class=\"maybe-clear\"><\/div><\/div><div class=\"testimonial-client\"><div class=\"testimonial-name\">Adam Procter<\/div><div class=\"pain-type\">Tendinitis<\/div><div class=\"\">He tenido tendinitis en mi hombro durante a\u00f1os. Mi viejo m\u00e9dico s\u00f3lo proporcion\u00f3 inyecciones de cortisona. Si no sabes nada de esto, realmente duelen. Y mi brazo fue bastante in\u00fatil durante las pr\u00f3ximas 24 horas. Trabajo en la industria petrolera. No usar mi brazo no es una opci\u00f3n, lo que significa que tuve que perder el trabajo.<\/div><\/div><div class=\"clear\"><\/div><\/div><\/div><div class=\"testimonial t-slide post-1787\"><div class=\"testimonial-inner\"><div class=\"testimonial-content\"><div class=\"maybe-clear\"><\/div><\/div><div class=\"testimonial-client\"><div class=\"testimonial-name\"> Nancy Franz<\/div><div class=\"pain-type\">Dolor en la Cadera<\/div><div class=\"\">S\u00f3lo te escribo para que sepas cu\u00e1nto me ayudaste con mi dolor de cadera. Odio tomar p\u00edldoras, as\u00ed que el tratamiento que proporcionaste fue agradable ya que no tuve que tomar ninguna. Gracias por su ayuda.<\/div><\/div><div class=\"clear\"><\/div><\/div><\/div><div class=\"testimonial t-slide post-1785\"><div class=\"testimonial-inner\"><div class=\"testimonial-content\"><div class=\"maybe-clear\"><\/div><\/div><div class=\"testimonial-client\"><div class=\"testimonial-name\">Richard Longtree<\/div><div class=\"pain-type\">Quiropr\u00e1ctico<\/div><div class=\"\">Mi historia es demasiado larga. Pero lo esencial es esto: estuve en un accidente automovil\u00edstico en 2005. Desde entonces he tenido siete cirug\u00edas, y probablemente tantos m\u00e9dicos. Incluso fue a un quiropr\u00e1ctico pero no parec\u00eda importarle tanto. Tal vez esa es la clave. De todos modos, s\u00f3lo quiero darte las gracias. Estoy seguro de que oyes esto mucho, pero el cuidado que proporcionaste era diferente de lo que estaba acostumbrado. Lo m\u00e1s importante, mi nivel de dolor ha bajado mucho. Gracias, tratamiento para el dolor 360 Pain Treatment.<\/div><\/div><div class=\"clear\"><\/div><\/div><\/div><\/div><\/div>\n<p>The patient testimonials below came from real patients suffering with real pain. If you\u2019re looking to improve your quality of life, like these patients did, contact 360 Pain Treatment today. Don\u2019t let your pain slow you down. Let us help you find the relief you seek.<\/p>\n","protected":false},"excerpt":{"rendered":"<p>The patient testimonials below came from real patients suffering with real pain. If you\u2019re looking to improve your quality of life, like these patients did, contact 360 Pain Treatment today. Don\u2019t let your pain slow you down. Let us help you find the relief you seek.<\/p>\n","protected":false},"author":1,"featured_media":0,"parent":0,"menu_order":0,"comment_status":"closed","ping_status":"closed","template":"page-template-testimonial.php","meta":[],"_links":{"self":[{"href":"http:\/\/www.360paintreatment.com\/es\/wp-json\/wp\/v2\/pages\/1729"}],"collection":[{"href":"http:\/\/www.360paintreatment.com\/es\/wp-json\/wp\/v2\/pages"}],"about":[{"href":"http:\/\/www.360paintreatment.com\/es\/wp-json\/wp\/v2\/types\/page"}],"author":[{"embeddable":true,"href":"http:\/\/www.360paintreatment.com\/es\/wp-json\/wp\/v2\/users\/1"}],"replies":[{"embeddable":true,"href":"http:\/\/www.360paintreatment.com\/es\/wp-json\/wp\/v2\/comments?post=1729"}],"version-history":[{"count":5,"href":"http:\/\/www.360paintreatment.com\/es\/wp-json\/wp\/v2\/pages\/1729\/revisions"}],"predecessor-version":[{"id":2179,"href":"http:\/\/www.360paintreatment.com\/es\/wp-json\/wp\/v2\/pages\/1729\/revisions\/2179"}],"wp:attachment":[{"href":"http:\/\/www.360paintreatment.com\/es\/wp-json\/wp\/v2\/media?parent=1729"}],"curies":[{"name":"wp","href":"https:\/\/api.w.org\/{rel}","templated":true}]}}