{"id":1713,"date":"2018-09-28T10:56:17","date_gmt":"2018-09-28T10:56:17","guid":{"rendered":"http:\/\/www.360paintreatment.com\/dr-raju-mantena\/"},"modified":"2020-12-22T03:42:05","modified_gmt":"2020-12-22T03:42:05","slug":"dr-raju-mantena","status":"publish","type":"page","link":"http:\/\/www.360paintreatment.com\/es\/dr-raju-mantena\/","title":{"rendered":"Dr. Raju Mantena Pain Management Specialist"},"content":{"rendered":"<p>El Dr. Raju Mantena es anestesi\u00f3logo y especialista en dolor con sede en el \u00e1rea de Houston y tiene m\u00e1s de 15 a\u00f1os de experiencia m\u00e9dica en la que conf\u00eda cada d\u00eda para tratar con \u00e9xito el dolor agudo y cr\u00f3nico de sus pacientes. Como reconocido experto, ha impartido numerosas conferencias sobre el manejo intervencionista del dolor y tambi\u00e9n ha asistido en la formaci\u00f3n de residentes en anestesiolog\u00eda.<\/p>\n<p>El Dr. Raju Mantena ha realizado m\u00e1s de 15.000 procedimientos de vanguardia a lo largo de su carrera con una alta tasa de \u00e9xito. Los procedimientos van desde procedimientos intradiscales, hasta inyecciones de esteroides epidurales, ablaci\u00f3n por radiofrecuencia, inyecciones articulares, bloqueos nerviosos para el dolor de c\u00e1ncer y estimulaci\u00f3n de la m\u00e9dula espinal.<\/p>\n<p>Antes de trabajar en Houston, el Dr. Raju Mantena sirvi\u00f3 en el personal de anestesiolog\u00eda y gesti\u00f3n del dolor de varios grandes hospitales l\u00edderes de Nueva York y el grupo de anestesia m\u00e1s grande del pa\u00eds. Tambi\u00e9n sirvi\u00f3 como Director de Gesti\u00f3n del Dolor en el Hospital Forest Hills en Nueva York.<\/p>\n<p>\u00abEl dolor cr\u00f3nico es debilitante para muchos pacientes y puede limitar significativamente su estilo de vida y sus actividades. Considero las necesidades de cada uno de mis pacientes en funci\u00f3n de la informaci\u00f3n de fondo que presentan y sus objetivos para restaurar un estilo de vida normal y activo\u00bb<\/p>\n<p>Seg\u00fan el Dr. Raju Mantena, el tratamiento exitoso del dolor cr\u00f3nico y agudo requiere m\u00faltiples modalidades, incluyendo medidas conservadoras no invasivas (descanso, hielo, calor, estiramiento, ejercicio, fisioterapia), medicamentos e inyecciones.<\/p>\n<p>\u00abNing\u00fan m\u00e9todo funciona para todas las personas, y muchos pacientes requieren m\u00e1s de una opci\u00f3n de tratamiento. Las opciones de tratamiento se personalizan seg\u00fan el individuo en funci\u00f3n de su examen f\u00edsico, historial m\u00e9dico y estudios por im\u00e1genes. El objetivo del tratamiento es disminuir el dolor, restaurar la funci\u00f3n y disminuir la dependencia de medicamentos potentes\u00bb. \u2014 Dr. Raju Mantena<\/p>\n<p><em>El Dr. Raju Mantena es un \u00e1vido entusiasta del yoga y disfruta pasar su tiempo libre con sus hijos.<\/em><\/p>\n","protected":false},"excerpt":{"rendered":"<p>El Dr. Raju Mantena es anestesi\u00f3logo y especialista en dolor con sede en el \u00e1rea de Houston y tiene m\u00e1s de 15 a\u00f1os de experiencia m\u00e9dica en la que conf\u00eda cada d\u00eda para tratar con \u00e9xito el dolor agudo y cr\u00f3nico de sus pacientes. Como reconocido experto, ha impartido numerosas conferencias sobre el manejo intervencionista &hellip; <a href=\"http:\/\/www.360paintreatment.com\/es\/dr-raju-mantena\/\" class=\"more-link\">Continuar leyendo<span class=\"screen-reader-text\"> \u00abDr. Raju Mantena Pain Management Specialist\u00bb<\/span><\/a><\/p>\n","protected":false},"author":1,"featured_media":0,"parent":0,"menu_order":0,"comment_status":"closed","ping_status":"closed","template":"page-template-about.php","meta":[],"_links":{"self":[{"href":"http:\/\/www.360paintreatment.com\/es\/wp-json\/wp\/v2\/pages\/1713"}],"collection":[{"href":"http:\/\/www.360paintreatment.com\/es\/wp-json\/wp\/v2\/pages"}],"about":[{"href":"http:\/\/www.360paintreatment.com\/es\/wp-json\/wp\/v2\/types\/page"}],"author":[{"embeddable":true,"href":"http:\/\/www.360paintreatment.com\/es\/wp-json\/wp\/v2\/users\/1"}],"replies":[{"embeddable":true,"href":"http:\/\/www.360paintreatment.com\/es\/wp-json\/wp\/v2\/comments?post=1713"}],"version-history":[{"count":2,"href":"http:\/\/www.360paintreatment.com\/es\/wp-json\/wp\/v2\/pages\/1713\/revisions"}],"predecessor-version":[{"id":1925,"href":"http:\/\/www.360paintreatment.com\/es\/wp-json\/wp\/v2\/pages\/1713\/revisions\/1925"}],"wp:attachment":[{"href":"http:\/\/www.360paintreatment.com\/es\/wp-json\/wp\/v2\/media?parent=1713"}],"curies":[{"name":"wp","href":"https:\/\/api.w.org\/{rel}","templated":true}]}}